{"id":3062,"date":"2019-03-20T11:14:57","date_gmt":"2019-03-20T10:14:57","guid":{"rendered":"https:\/\/invido.de\/impressum\/"},"modified":"2025-08-06T08:59:10","modified_gmt":"2025-08-06T06:59:10","slug":"mentions-legales","status":"publish","type":"page","link":"https:\/\/invardo.de\/fr\/mentions-legales\/","title":{"rendered":"Mentions l\u00e9gales"},"content":{"rendered":"<p class=\"bodytext\">Responsable de la pr\u00e9sence publicitaire: InVardo.<\/p>\n<p class=\"bodytext\">Niederdorf \u00a9 InVIDO GmbH Individuelle M\u00f6belsysteme<\/p>\n<p class=\"bodytext\">Neue Schichtstra\u00dfe 9<br \/>\n09366 Niederdorf<br \/>\nTel.: +49 (0)37 296\/ 727 &#8211; 0<br \/>\nFax: +49 (0)37 296\/ 727 &#8211; 555<\/p>\n<p class=\"bodytext\">Internet: <a href=\"https:\/\/invardo.de\/fr\/\">https:\/\/invardo.de<\/a><br \/>\nE-Mail: <a>invardo@invardo.de<\/a><\/p>\n<p class=\"bodytext\">Directrice g\u00e9n\u00e9rale: Kristin Tesmer<\/p>\n<p class=\"bodytext\">Registre du commerce: immatricul\u00e9e aupr\u00e8s du tribunal d\u2019instance de Chemnitz HR B 24569 N\u00b0 de TVA international: DE 262873358<\/p>\n","protected":false},"excerpt":{"rendered":"<p>Responsable de la pr\u00e9sence publicitaire: InVardo. Niederdorf \u00a9 InVIDO GmbH Individuelle M\u00f6belsysteme Neue Schichtstra\u00dfe 9 09366 Niederdorf Tel.: +49 (0)37 296\/ 727 &#8211; 0 Fax: +49 (0)37 296\/ 727 &#8211; 555 Internet: https:\/\/invardo.de E-Mail: invardo@invardo.de Directrice g\u00e9n\u00e9rale: Kristin Tesmer Registre du commerce: immatricul\u00e9e aupr\u00e8s du tribunal d\u2019instance de Chemnitz HR B 24569 N\u00b0 de TVA &hellip;<\/p>\n","protected":false},"author":1,"featured_media":0,"parent":0,"menu_order":38,"comment_status":"closed","ping_status":"closed","template":"","meta":{"footnotes":""},"class_list":["post-3062","page","type-page","status-publish"],"_links":{"self":[{"href":"https:\/\/invardo.de\/fr\/wp-json\/wp\/v2\/pages\/3062","targetHints":{"allow":["GET"]}}],"collection":[{"href":"https:\/\/invardo.de\/fr\/wp-json\/wp\/v2\/pages"}],"about":[{"href":"https:\/\/invardo.de\/fr\/wp-json\/wp\/v2\/types\/page"}],"author":[{"embeddable":true,"href":"https:\/\/invardo.de\/fr\/wp-json\/wp\/v2\/users\/1"}],"replies":[{"embeddable":true,"href":"https:\/\/invardo.de\/fr\/wp-json\/wp\/v2\/comments?post=3062"}],"version-history":[{"count":4,"href":"https:\/\/invardo.de\/fr\/wp-json\/wp\/v2\/pages\/3062\/revisions"}],"predecessor-version":[{"id":3554,"href":"https:\/\/invardo.de\/fr\/wp-json\/wp\/v2\/pages\/3062\/revisions\/3554"}],"wp:attachment":[{"href":"https:\/\/invardo.de\/fr\/wp-json\/wp\/v2\/media?parent=3062"}],"curies":[{"name":"wp","href":"https:\/\/api.w.org\/{rel}","templated":true}]}}