{"id":2024,"date":"2019-02-25T10:43:23","date_gmt":"2019-02-25T09:43:23","guid":{"rendered":"https:\/\/invido.de\/partner\/"},"modified":"2025-08-06T08:59:09","modified_gmt":"2025-08-06T06:59:09","slug":"partenaires","status":"publish","type":"page","link":"https:\/\/invardo.de\/fr\/partenaires\/","title":{"rendered":"Partenaires"},"content":{"rendered":"<p>Vous souhaitez vendre des offres exclusives et des mod\u00e8les uniques \u00e0 vos clients ? Avec InVardo, c&rsquo;est un partenaire comp\u00e9tent, flexible et cr\u00e9atif qui est \u00e0 vos c\u00f4t\u00e9s. Nous trouvons une solution individuelle pour presque tous les souhaits de vos clients. Vous pouvez choisir parmi une large gamme d&rsquo;\u00e9l\u00e9ments pouvant \u00eatre combin\u00e9s \u00e0 souhait. Vous souhaitez devenir un partenaire InVardo ? Envoyez-nous un message.<\/p>\n","protected":false},"excerpt":{"rendered":"<p>Informez-vous sur les avantages d&rsquo;un partenariat et rejoignez la famille InVardo.<\/p>\n","protected":false},"author":1,"featured_media":1956,"parent":0,"menu_order":17,"comment_status":"closed","ping_status":"closed","template":"page-templates\/partner.php","meta":{"footnotes":""},"class_list":["post-2024","page","type-page","status-publish","has-post-thumbnail"],"_links":{"self":[{"href":"https:\/\/invardo.de\/fr\/wp-json\/wp\/v2\/pages\/2024","targetHints":{"allow":["GET"]}}],"collection":[{"href":"https:\/\/invardo.de\/fr\/wp-json\/wp\/v2\/pages"}],"about":[{"href":"https:\/\/invardo.de\/fr\/wp-json\/wp\/v2\/types\/page"}],"author":[{"embeddable":true,"href":"https:\/\/invardo.de\/fr\/wp-json\/wp\/v2\/users\/1"}],"replies":[{"embeddable":true,"href":"https:\/\/invardo.de\/fr\/wp-json\/wp\/v2\/comments?post=2024"}],"version-history":[{"count":3,"href":"https:\/\/invardo.de\/fr\/wp-json\/wp\/v2\/pages\/2024\/revisions"}],"predecessor-version":[{"id":3561,"href":"https:\/\/invardo.de\/fr\/wp-json\/wp\/v2\/pages\/2024\/revisions\/3561"}],"wp:featuredmedia":[{"embeddable":true,"href":"https:\/\/invardo.de\/fr\/wp-json\/wp\/v2\/media\/1956"}],"wp:attachment":[{"href":"https:\/\/invardo.de\/fr\/wp-json\/wp\/v2\/media?parent=2024"}],"curies":[{"name":"wp","href":"https:\/\/api.w.org\/{rel}","templated":true}]}}