{"id":1978,"date":"2019-02-26T08:37:36","date_gmt":"2019-02-26T07:37:36","guid":{"rendered":"https:\/\/invido.de\/raeume\/"},"modified":"2020-02-04T14:38:50","modified_gmt":"2020-02-04T13:38:50","slug":"raeume","status":"publish","type":"page","link":"https:\/\/invardo.de\/fr\/amenager-les-espaces-de-vie\/raeume\/","title":{"rendered":"Pi\u00e8ces"},"content":{"rendered":"<p>De nos jours, les centres commerciaux sont tous construits de la m\u00eame fa\u00e7on, d&rsquo;Amsterdam \u00e0 Zadar, et proposent toujours les m\u00eames marques. Les centres-villes arborent un mobilier urbain aussi accueillant qu&rsquo;une lampe au n\u00e9on. Et au milieu de tout cela, nous aspirons \u00e0 l&rsquo;individualit\u00e9 et \u00e0 la jouissance.<\/p>\n<p>Notre habitat est notre refuge. Nous voulons simplement y vivre. \u00catre nous-m\u00eames, seuls, \u00e0 deux ou en famille. Et parce que chaque pi\u00e8ce est aussi individuelle que ses r\u00e9sidents, InVardo aide \u00e0 transformer des r\u00eaves en r\u00e9alit\u00e9.<\/p>\n","protected":false},"excerpt":{"rendered":"<p>De nos jours, les centres commerciaux sont tous construits de la m\u00eame fa\u00e7on, d&rsquo;Amsterdam \u00e0 Zadar, et proposent toujours les m\u00eames marques. Les centres-villes arborent un mobilier urbain aussi accueillant qu&rsquo;une lampe au n\u00e9on. Et au milieu de tout cela, nous aspirons \u00e0 l&rsquo;individualit\u00e9 et \u00e0 la jouissance. Notre habitat est notre refuge. Nous voulons &hellip;<\/p>\n","protected":false},"author":1,"featured_media":1938,"parent":2040,"menu_order":0,"comment_status":"closed","ping_status":"closed","template":"page-templates\/products.php","meta":{"footnotes":""},"class_list":["post-1978","page","type-page","status-publish","has-post-thumbnail"],"_links":{"self":[{"href":"https:\/\/invardo.de\/fr\/wp-json\/wp\/v2\/pages\/1978","targetHints":{"allow":["GET"]}}],"collection":[{"href":"https:\/\/invardo.de\/fr\/wp-json\/wp\/v2\/pages"}],"about":[{"href":"https:\/\/invardo.de\/fr\/wp-json\/wp\/v2\/types\/page"}],"author":[{"embeddable":true,"href":"https:\/\/invardo.de\/fr\/wp-json\/wp\/v2\/users\/1"}],"replies":[{"embeddable":true,"href":"https:\/\/invardo.de\/fr\/wp-json\/wp\/v2\/comments?post=1978"}],"version-history":[{"count":1,"href":"https:\/\/invardo.de\/fr\/wp-json\/wp\/v2\/pages\/1978\/revisions"}],"predecessor-version":[{"id":1979,"href":"https:\/\/invardo.de\/fr\/wp-json\/wp\/v2\/pages\/1978\/revisions\/1979"}],"up":[{"embeddable":true,"href":"https:\/\/invardo.de\/fr\/wp-json\/wp\/v2\/pages\/2040"}],"wp:featuredmedia":[{"embeddable":true,"href":"https:\/\/invardo.de\/fr\/wp-json\/wp\/v2\/media\/1938"}],"wp:attachment":[{"href":"https:\/\/invardo.de\/fr\/wp-json\/wp\/v2\/media?parent=1978"}],"curies":[{"name":"wp","href":"https:\/\/api.w.org\/{rel}","templated":true}]}}